{"id":1107,"date":"2021-09-04T13:05:10","date_gmt":"2021-09-04T11:05:10","guid":{"rendered":"https:\/\/betobesport.com\/?page_id=1107"},"modified":"2021-09-17T13:21:06","modified_gmt":"2021-09-17T11:21:06","slug":"cookies","status":"publish","type":"page","link":"https:\/\/betobesport.com\/pt\/cookies\/","title":{"rendered":"Pol\u00edtica de cookies"},"content":{"rendered":"\n<p><strong>Pol\u00edtica de cookies<\/strong><strong><\/strong><\/p>\n\n\n\n<p>BETOBE SPORT, UNIPESSOAL LDA TEM. Informa os usu\u00e1rios, atrav\u00e9s do presente aviso, que pode utilizar cookies quando o usu\u00e1rio navegar pelos diferentes ecr\u00e3s e p\u00e1ginas do s\u00edtio. Durante a utiliza\u00e7\u00e3o da nossa p\u00e1gina Web o usu\u00e1rio aceita e autoriza expressamente a utiliza\u00e7\u00e3o de cookies, em conformidade com a nossa Pol\u00edtica de Privacidade.<\/p>\n\n\n\n<p><strong>O que s\u00e3o os cookies?<\/strong><strong><\/strong><\/p>\n\n\n\n<p>Um cookie \u00e9 um arquivo de texto muito pequeno que um servidor Web pode salvar no navegador de um equipamento para armazenar algum tipo de informa\u00e7\u00e3o sobre o usu\u00e1rio. O cookie identifica o equipamento de maneira \u00fanica, podendo apenas ser lido pelo S\u00edtio Web que o enviou ao equipamento. Um cookie n\u00e3o \u00e9 um arquivo execut\u00e1vel nem um programa, como tal, n\u00e3o se pode propagar ou conter v\u00edrus ou outro software malicioso, nem pode ter uma longitude superior a 4.000 caracteres.<\/p>\n\n\n\n<p><strong>Para que servem os cookies?<\/strong><strong><\/strong><\/p>\n\n\n\n<p>A utiliza\u00e7\u00e3o dos cookies tem como finalidade recordar as prefer\u00eancias do usu\u00e1rio (idioma, pa\u00eds, in\u00edcio de sess\u00e3o, caracter\u00edsticas do seu navegador, informa\u00e7\u00e3o de utiliza\u00e7\u00e3o do nosso s\u00edtio Web, etc.). Recordando as suas prefer\u00eancias n\u00e3o teremos que, por exemplo, perguntar-lhe qual \u00e9 o seu pa\u00eds cada vez que visitar o nosso s\u00edtio Web. Assim poderemos saber as caracter\u00edsticas do Sistema Operativo e do navegador do dispositivo que se est\u00e1 a usar e poderemos oferecer-lhe uma melhor experi\u00eancia de navega\u00e7\u00e3o. Os cookies podem ajudar o nosso s\u00edtio Web a distinguir o navegador do usu\u00e1rio como visitante anterior e assim guardar e recordar as prefer\u00eancias que possam ter sido estabelecidas enquanto o usu\u00e1rio estava a navegar pelo s\u00edtio, personalizar as p\u00e1ginas de in\u00edcio, identificar os setores de um s\u00edtio que foram visitados ou manter um registo de sele\u00e7\u00f5es num carrinho de compras, entre outros. A BETOBE SPORT, UNIPESSOAL LDA TEM. pode utilizar os cookies com o objetivo de reconhecer os usu\u00e1rios que tenham acedido ao seu s\u00edtio web e poder oferecer-lhes um melhor servi\u00e7o e mais personalizado. Tamb\u00e9m podem ser utilizadas para obter informa\u00e7\u00e3o sobre a data e hora da \u00faltima visita do usu\u00e1rio, medir alguns par\u00e2metros de tr\u00e1fego dentro do pr\u00f3prio site e estimar o n\u00famero de visitas realizadas, de maneira que a BETOBE SPORT, UNIPESSOAL LDA TEM. possa focalizar e ajustar os servi\u00e7os e promo\u00e7\u00f5es de forma mais eficiente. Normalmente os s\u00edtios Web utilizam os cookies para obter informa\u00e7\u00e3o estat\u00edstica sobre as suas p\u00e1ginas Web. Tenha em conta que recolhemos dados sobre os seus movimentos e utiliza\u00e7\u00e3o da nossa Web como dados estat\u00edsticos, n\u00e3o pessoais.<\/p>\n\n\n\n<p><strong>Tipos de cookies<\/strong><strong><\/strong><\/p>\n\n\n\n<p>Os cookies podem ser classificados dependendo da entidade que as administre, o tempo que permanecem ativos ou em fun\u00e7\u00e3o da sua finalidade. Em algumas ocasi\u00f5es poderemos comprovar que um mesmo cookie pode estar inclu\u00eddo dentro de mais de uma categoria. Em fun\u00e7\u00e3o da sua propriedade<\/p>\n\n\n\n<p>Cookies pr\u00f3prios: S\u00e3o os que s\u00e3o enviados ao equipamento do usu\u00e1rio a partir de um equipamento ou dom\u00ednio gerido pela BETOBE SPORT, UNIPESSOAL LDA TEM.<\/p>\n\n\n\n<p>Cookies de terceiros: S\u00e3o os que s\u00e3o enviados ao equipamento terminal do usu\u00e1rio a partir de um equipamento ou dom\u00ednio que n\u00e3o \u00e9 gerido pelo editor, mas sim por outra entidade que trata os dados obtidos atrav\u00e9s dos cookies.<\/p>\n\n\n\n<p><strong>Em fun\u00e7\u00e3o do seu tempo de vida<\/strong><strong><\/strong><\/p>\n\n\n\n<p>Cookies de sess\u00e3o: S\u00e3o os que recolhem dados enquanto o usu\u00e1rio est\u00e1 a navegar pela p\u00e1gina web.<\/p>\n\n\n\n<p>Cookies persistentes: S\u00e3o aqueles em que os dados continuam armazenados no terminal e podem ser acedidos e tratados durante um per\u00edodo definido pelo respons\u00e1vel do cookie, e que pode ir de alguns minutos a v\u00e1rios anos.<\/p>\n\n\n\n<p><strong>Em fun\u00e7\u00e3o da sua finalidade<\/strong><strong><\/strong><\/p>\n\n\n\n<p>Cookies t\u00e9cnicos: S\u00e3o os que s\u00e3o usados de maneira interna e s\u00e3o necess\u00e1rios para o funcionamento da web.<\/p>\n\n\n\n<p>Cookies anal\u00edticos: S\u00e3o os que permitem recolher informa\u00e7\u00e3o estat\u00edstica sobre a atividade dos usu\u00e1rios. A informa\u00e7\u00e3o em quest\u00e3o \u00e9 recompilada de maneira an\u00f3nima e permite otimizar a navega\u00e7\u00e3o pela nossa web a fim de garantir um melhor servi\u00e7o ao usu\u00e1rio.<\/p>\n\n\n\n<p>Cookies de personaliza\u00e7\u00e3o: S\u00e3o os que permitem ao usu\u00e1rio aceder ao servi\u00e7o com algumas caracter\u00edsticas de car\u00e1cter geral predefinidas em fun\u00e7\u00e3o de uma s\u00e9rie de crit\u00e9rios no terminal do usu\u00e1rio como por exemplo: o idioma, o tipo de navegador atrav\u00e9s do qual acede ao servi\u00e7o, a configura\u00e7\u00e3o regional a partir de onde acede ao servi\u00e7o, etc.<\/p>\n\n\n\n<p>Cookies publicit\u00e1rios: S\u00e3o os que permitem gerir da maneira mais eficaz poss\u00edvel, os espa\u00e7os publicit\u00e1rios que, quando corresponda, o editor tenha inclu\u00eddo numa p\u00e1gina web, aplica\u00e7\u00e3o ou plataforma a partir da qual presta o servi\u00e7o solicitado com base em crit\u00e9rios como o conte\u00fado editado ou a frequ\u00eancia em que se mostram os an\u00fancios.<\/p>\n\n\n\n<p>Cookies de publicidade comportamental: S\u00e3o os que permitem gerir da maneira mais eficaz poss\u00edvel, os espa\u00e7os publicit\u00e1rios que, quando corresponda, o editor tenha inclu\u00eddo numa p\u00e1gina web, aplica\u00e7\u00e3o ou plataforma a partir da qual presta o servi\u00e7o solicitado. Estes cookies armazenam informa\u00e7\u00e3o sobre o comportamento dos usu\u00e1rios obtida atrav\u00e9s da observa\u00e7\u00e3o cont\u00ednua dos seus h\u00e1bitos de navega\u00e7\u00e3o, o que permite desenvolver um perfil espec\u00edfico para mostrar publicidade dependendo do mesmo.<\/p>\n\n\n\n<p><strong>Finalidade dos cookies<\/strong><strong><\/strong><\/p>\n\n\n\n<p>A seguir, apresentamos uma lista dos cookies que poder\u00e1 encontrar no nosso s\u00edtio Web e uma breve descri\u00e7\u00e3o da sua finalidade. Asseguramos-lhe que nenhum deles conserva informa\u00e7\u00e3o sobre identifica\u00e7\u00e3o pessoal sobre os usu\u00e1rios. Alguns cookies personalizam a sua visita, outros recordam as suas prefer\u00eancias, enquanto outros apenas nos fornecem estat\u00edsticas dos visitantes.<\/p>\n\n\n\n<p><strong>Salvaguardas de prote\u00e7\u00e3o<\/strong><strong><\/strong><\/p>\n\n\n\n<p>O usu\u00e1rio pode configurar o seu navegador para aceitar, ou n\u00e3o, os cookies que recebe ou para que o navegador lhe avise quando um servidor quiser salvar um cookie ou elimin\u00e1-lo do seu computador. Pode encontrar as instru\u00e7\u00f5es na configura\u00e7\u00e3o de seguran\u00e7a no seu navegador Web. Exemplos: Se utilizar Microsoft Internet Explorer, na op\u00e7\u00e3o de menu Ferramentas &gt; Op\u00e7\u00f5es de Internet &gt; Privacidade &gt; Configura\u00e7\u00e3o. Se utilizar Firefox, na op\u00e7\u00e3o de menu Ferramentas &gt; Op\u00e7\u00f5es &gt; Privacidade &gt; Cookies. Se utilizar Google Chrome, na op\u00e7\u00e3o de menu Configura\u00e7\u00e3o &gt; Privacidade. Se utilizar Safari, na op\u00e7\u00e3o de menu Prefer\u00eancias &gt; Seguran\u00e7a. Se utilizar \u00d3pera &gt; Configura\u00e7\u00e3o &gt; Eliminar informa\u00e7\u00e3o pessoal. Se utilizar um explorador nativo do seu terminal m\u00f3vel, Ajustes &gt; Eliminar dados ou Privacidade e Seguran\u00e7a* *Pode diferir dependendo do modelo de vers\u00e3o do sistema operativo<\/p>\n\n\n\n<p>Pode usar a sec\u00e7\u00e3o \u201cAjuda\u201d que poder\u00e1 encontrar na barra de ferramentas da maioria dos navegadores para alterar os ajustes do seu computador, no entanto, algumas das caracter\u00edsticas dos nossos servi\u00e7os online podem n\u00e3o funcionar ou podem tornar-se mais complicadas de aceder se recusar todos os cookies. Muitos navegadores permitem ativar um modo privado mediante o qual os cookies se eliminam sempre depois da sua visita. Dependendo de cada navegador, este modo privado pode ter diferentes nomes, abaixo pode encontrar uma lista dos navegadores mais comuns e os diferentes nomes deste modo privado:<\/p>\n\n\n\n<p>\u2013 Internet Explorer 8 e superior: InPrivate \u2013 FireFox 3.5 e superior: Navega\u00e7\u00e3o Privada \u2013 Google Chrome 10 e superior: Inc\u00f3gnito \u2013 Safari 2 e superior: Navega\u00e7\u00e3o Privada \u2013 \u00d3pera 10.5 e superior: Navega\u00e7\u00e3o Privada \u2013 Navegador: Aba de inc\u00f3gnito<\/p>\n\n\n\n<p>Por favor, leia atentamente a sec\u00e7\u00e3o de ajuda do seu navegador para saber mais sobre como ativar o \u201cmodo privado\u201d. Poder\u00e1 continuar a visitar a nossa Web, apesar do seu navegador estar em \u201cmodo privado\u201d, n\u00e3o obstante, a experi\u00eancia de usu\u00e1rio pode n\u00e3o ser \u00f3tima e algumas das utilidades podem n\u00e3o funcionar.<\/p>\n\n\n\n<p>A BETOBE SPORT, UNIPESSOAL LDA TEM. agradece-lhe que ative a aceita\u00e7\u00e3o de cookies, por assim ajuda-nos a obter dados mais precisos que nos permitem melhorar o conte\u00fado e o desenho da nossa p\u00e1gina Web para adapt\u00e1-lo \u00e0s suas prefer\u00eancias. Adicionalmente, a BETOBE SPORT, UNIPESSOAL LDA TEM. Est\u00e1 presente em portais e servi\u00e7os de terceiros nos quais, se desejar conhecer as condi\u00e7\u00f5es de privacidade e utiliza\u00e7\u00e3o de cookies, dever\u00e1 consultar as pol\u00edticas por eles proporcionadas:<\/p>\n\n\n\n<p>-Facebook: https:\/\/es-es.facebook.com\/help\/cookies<\/p>\n\n\n\n<p>-LinkedIn: http:\/\/www.linkedin.com\/legal\/privacy-policy<\/p>\n\n\n\n<p>-Instagram: https:\/\/www.instagram.com\/legal\/cookies<\/p>\n\n\n\n<p><strong>Atualizamos a nossa Pol\u00edtica de Cookies?<\/strong><strong><\/strong><\/p>\n\n\n\n<p>\u00c9 poss\u00edvel que atualizemos a Pol\u00edtica de Cookies do nosso S\u00edtio Web, por isso, recomendamos-lhe rever esta pol\u00edtica cada vez que aceder ao nosso S\u00edtio Web a fim de estar adequadamente informado sobre como e com que finalidade usamos os cookies. O per\u00edodo de conserva\u00e7\u00e3o dos dados obtidos para as diferentes finalidades nos termos estabelecidos no artigo 13\u00ba.2 a) do RGPD e relacionado com a restante informa\u00e7\u00e3o exigida no artigo anteriormente mencionado, est\u00e1 contemplado na nossa Pol\u00edtica de Privacidade.<\/p>\n","protected":false},"excerpt":{"rendered":"<p>Pol\u00edtica de cookies BETOBE SPORT, UNIPESSOAL LDA TEM. Informa os usu\u00e1rios, atrav\u00e9s do presente aviso, que pode utilizar cookies quando o usu\u00e1rio navegar pelos diferentes ecr\u00e3s e p\u00e1ginas do s\u00edtio. Durante a utiliza\u00e7\u00e3o da nossa p\u00e1gina Web o usu\u00e1rio aceita e autoriza expressamente a utiliza\u00e7\u00e3o de cookies, em conformidade com a nossa Pol\u00edtica de Privacidade. [&hellip;]<\/p>\n","protected":false},"author":1,"featured_media":0,"parent":0,"menu_order":0,"comment_status":"closed","ping_status":"closed","template":"","meta":{"_genesis_hide_title":false,"_genesis_hide_breadcrumbs":false,"_genesis_hide_singular_image":false,"_genesis_hide_footer_widgets":false,"_genesis_custom_body_class":"","_genesis_custom_post_class":"","_genesis_layout":"","footnotes":""},"class_list":{"0":"post-1107","1":"page","2":"type-page","3":"status-publish","5":"entry"},"_links":{"self":[{"href":"https:\/\/betobesport.com\/pt\/wp-json\/wp\/v2\/pages\/1107","targetHints":{"allow":["GET"]}}],"collection":[{"href":"https:\/\/betobesport.com\/pt\/wp-json\/wp\/v2\/pages"}],"about":[{"href":"https:\/\/betobesport.com\/pt\/wp-json\/wp\/v2\/types\/page"}],"author":[{"embeddable":true,"href":"https:\/\/betobesport.com\/pt\/wp-json\/wp\/v2\/users\/1"}],"replies":[{"embeddable":true,"href":"https:\/\/betobesport.com\/pt\/wp-json\/wp\/v2\/comments?post=1107"}],"version-history":[{"count":2,"href":"https:\/\/betobesport.com\/pt\/wp-json\/wp\/v2\/pages\/1107\/revisions"}],"predecessor-version":[{"id":1156,"href":"https:\/\/betobesport.com\/pt\/wp-json\/wp\/v2\/pages\/1107\/revisions\/1156"}],"wp:attachment":[{"href":"https:\/\/betobesport.com\/pt\/wp-json\/wp\/v2\/media?parent=1107"}],"curies":[{"name":"wp","href":"https:\/\/api.w.org\/{rel}","templated":true}]}}