{"id":22,"date":"2021-07-25T16:27:29","date_gmt":"2021-07-25T15:27:29","guid":{"rendered":"https:\/\/betobesport.com\/?page_id=22"},"modified":"2021-09-17T13:21:38","modified_gmt":"2021-09-17T11:21:38","slug":"privacidad","status":"publish","type":"page","link":"https:\/\/betobesport.com\/pt\/privacidad\/","title":{"rendered":"Pol\u00edtica de privacidade"},"content":{"rendered":"\n<p><strong>GERAL:<\/strong><strong><\/strong><\/p>\n\n\n\n<p>Para os efeitos do previsto no Regulamento Europeu de Prote\u00e7\u00e3o de Dados UE 2016\/679 de 27 de abril do Parlamento e do Conselho e da legisla\u00e7\u00e3o nacional vigente LOPDGDD 3\/2018, a BETOBE SPORT, UNIPESSOAL LDA TEM., informa-lhe que cumpre na \u00edntegra a legisla\u00e7\u00e3o vigente em mat\u00e9ria de prote\u00e7\u00e3o de dados de car\u00e1cter pessoal e com os compromissos de confidencialidade pr\u00f3prios da sua atividade.<\/p>\n\n\n\n<p>BETOBE SPORT, UNIPESSOAL LDA TEM. Informa-lhe sobre a exist\u00eancia de um sistema de tratamento da informa\u00e7\u00e3o, da qual \u00e9 titular, para as finalidades pr\u00f3prias da gest\u00e3o, comunica\u00e7\u00e3o e informa\u00e7\u00e3o. O sistema em quest\u00e3o \u00e9 descrito no correspondente Registo de Atividades de Tratamento da BETOBE SPORT, UNIPESSOAL LDA TEM.<\/p>\n\n\n\n<p><strong>MEDIDAS E N\u00cdVEIS DE SEGURAN\u00c7A:<\/strong><strong><\/strong><\/p>\n\n\n\n<p>BETOBE SPORT, UNIPESSOAL LDA TEM., adotou as medidas necess\u00e1rias para garantir a seguran\u00e7a da informa\u00e7\u00e3o tal como exigido no art.\u00ba. 32\u00ba do RGPD, dependendo da natureza dos dados pessoais tratados e das circunst\u00e2ncias do tratamento, a fim de evitar, dentro da medida do poss\u00edvel, perdas, tratamento ou acesso n\u00e3o autorizado, garantindo com isto a sua confidencialidade, integridade e disponibilidade.<\/p>\n\n\n\n<p><strong>\u00c2MBITO DE APLICA\u00c7\u00c3O:<\/strong><strong><\/strong><\/p>\n\n\n\n<p>As medidas de seguran\u00e7a descritas pela BETOBE SPORT, UNIPESSOAL LDA TEM. no Registo de Atividades de Tratamento ser\u00e3o aplicadas ao conjunto de ativos do sistema de tratamento da informa\u00e7\u00e3o em que se tratem os dados de car\u00e1cter pessoal, para dar cumprimento \u00e0 legisla\u00e7\u00e3o vigente em mat\u00e9ria de prote\u00e7\u00e3o de dados. Todo o pessoal contratado pela BETOBE SPORT, UNIPESSOAL LDA TEM., assim como as pessoas respons\u00e1veis pelo Tratamento, s\u00e3o obrigados ao cumprimento da legisla\u00e7\u00e3o em quest\u00e3o, com especial aten\u00e7\u00e3o ao que diz respeito \u00e0s suas fun\u00e7\u00f5es e obriga\u00e7\u00f5es, incluindo o dever de segredo que ser\u00e3o devidamente determinadas pela BETOBE SPORT, UNIPESSOAL LDA TEM.<\/p>\n\n\n\n<p><strong>RECOLHA DE DADOS:<\/strong><strong><\/strong><\/p>\n\n\n\n<p>A aceita\u00e7\u00e3o das presentes condi\u00e7\u00f5es, requer que o usu\u00e1rio facilite alguns dados imprescind\u00edveis para a presta\u00e7\u00e3o dos seus servi\u00e7os, que ser\u00e3o solicitados atrav\u00e9s de formul\u00e1rios na p\u00e1gina Web. No momento da recolha dos dados, o usu\u00e1rio ser\u00e1 devidamente informado sobre os seus direitos. Para que a informa\u00e7\u00e3o contida no nosso sistema de tratamento esteja sempre atualizada e n\u00e3o contenha erros, pedimos aos nossos clientes e usu\u00e1rios que nos informem o antes poss\u00edvel sobre as modifica\u00e7\u00f5es e retifica\u00e7\u00f5es dos seus dados de car\u00e1cter pessoal.<\/p>\n\n\n\n<p><strong>EXERC\u00cdCIO DOS DIREITOS:<\/strong><strong><\/strong><\/p>\n\n\n\n<p>Pode exercer os seus direitos de acesso, retifica\u00e7\u00e3o, supress\u00e3o e portabilidade dos seus dados, de limita\u00e7\u00e3o e oposi\u00e7\u00e3o ao seu tratamento, assim como a n\u00e3o ser objeto de decis\u00f5es baseadas apenas no tratamento automatizado dos seus dados, BETOBE SPORT, UNIPESSOAL LDA TEM. mediante comunica\u00e7\u00e3o por escrito ou mediante correio eletr\u00f3nico para o endere\u00e7o info@betobesport.com, indicando o direito que deseja exercer.<\/p>\n\n\n\n<p><strong>CONSENTIMENTO:<\/strong><strong><\/strong><\/p>\n\n\n\n<p>O usu\u00e1rio presta o seu consentimento para que a BETOBE SPORT, UNIPESSOAL LDA TEM. Possa usar os seus dados pessoais a fim de prestar um cumprimento correto dos servi\u00e7os contratados. O preenchimento do formul\u00e1rio inclu\u00eddo no s\u00edtio web ou o envio de correios eletr\u00f3nicos ou outras comunica\u00e7\u00f5es \u00e0 BETOBE SPORT, UNIPESSOAL LDA TEM. implica o consentimento expresso do usu\u00e1rio \u00e0 inclus\u00e3o dos seus dados de car\u00e1cter pessoal no seu sistema de tratamento de dados. Quando se realizar a peti\u00e7\u00e3o desta informa\u00e7\u00e3o, ser\u00e1 comunicada ao cliente ou usu\u00e1rio do destinat\u00e1rio da informa\u00e7\u00e3o, a finalidade para a qual se recolhem os dados, a identidade e endere\u00e7o da BETOBE SPORT, UNIPESSOAL LDA TEM., assim como da compet\u00eancia do usu\u00e1rio para exercer os direitos de acesso, impugna\u00e7\u00e3o, retifica\u00e7\u00e3o, cancelamento, supress\u00e3o ou oposi\u00e7\u00e3o, portabilidade, limita\u00e7\u00e3o do tratamento e a apresentar uma reclama\u00e7\u00e3o junto da AEPD.<\/p>\n\n\n\n<p><strong>CESS\u00c3O A TERCEIROS:<\/strong><strong><\/strong><\/p>\n\n\n\n<p>BETOBE SPORT, UNIPESSOAL LDA TEM. n\u00e3o cede dados de car\u00e1cter pessoal sem o consentimento expresso dos seus titulares, que dever\u00e1 ser concedido em cada ocasi\u00e3o.<\/p>\n\n\n\n<p><strong>CONFIDENCIALIDADE E SEGREDO PROFISSIONAL:<\/strong><strong><\/strong><\/p>\n\n\n\n<p>Os dados recolhidos em todas as comunica\u00e7\u00f5es privadas entre a BETOBE SPORT, UNIPESSOAL LDA TEM. e os usu\u00e1rios ser\u00e3o tratados com toda a confidencialidade, comprometendo-se, como Respons\u00e1vel do Tratamento, \u00e0 obriga\u00e7\u00e3o de segredo dos dados de car\u00e1cter pessoal, ao seu dever de guard\u00e1-los e a adotar todas as medidas necess\u00e1rias que evitem a sua altera\u00e7\u00e3o, perda e tratamento ou acesso n\u00e3o autorizado, em conformidade com o estabelecido nas normas vigentes. Al\u00e9m disso, a informa\u00e7\u00e3o de qualquer tipo que as partes intercambiem entre elas tamb\u00e9m ter\u00e1 a condi\u00e7\u00e3o de confidencial, assim como as informa\u00e7\u00f5es que as mesmas concordarem ser dessa natureza, ou as que simplesmente versem sobre o conte\u00fado dessa informa\u00e7\u00e3o. A visualiza\u00e7\u00e3o dos dados atrav\u00e9s de Internet, n\u00e3o ir\u00e1 implicar o acesso direto aos mesmos, salvo quando exista o consentimento expresso do seu titular em cada ocasi\u00e3o. Recomendamos ao cliente n\u00e3o facilitar a terceiros a sua identifica\u00e7\u00e3o, senha ou n\u00fameros de refer\u00eancia. Para garantir que a prote\u00e7\u00e3o do segredo profissional entre a BETOBE SPORT, UNIPESSOAL LDA TEM. e o usu\u00e1rio seja preservada em todas as comunica\u00e7\u00f5es, o mesmo n\u00e3o dever\u00e1 revelar a informa\u00e7\u00e3o confidencial a terceiros.<\/p>\n\n\n\n<p><strong>MUDAN\u00c7AS NA POL\u00cdTICA DE SEGURAN\u00c7A E DE PROTE\u00c7\u00c3O DE DADOS:<\/strong><strong><\/strong><\/p>\n\n\n\n<p>A BETOBE SPORT, UNIPESSOAL LDA TEM. reserva-se o direito de modificar a sua pol\u00edtica de seguran\u00e7a e prote\u00e7\u00e3o de dados a fim de adapt\u00e1-la \u00e0s novidades legislativas ou jurisprudenciais, assim como as que possam derivar de c\u00f3digos tipo existentes na mat\u00e9ria, ou por decis\u00f5es corporativas estrat\u00e9gicas, com efeitos da data de publica\u00e7\u00e3o da modifica\u00e7\u00e3o em quest\u00e3o na p\u00e1gina Web da BETOBE SPORT, UNIPESSOAL LDA TEM.<\/p>\n\n\n\n<p><strong>ENDERE\u00c7O DE CONTACTO:<\/strong><strong><\/strong> O s\u00edtio Web www.mappers.es, \u00e9 gerido pela BETOBE SPORT, UNIPESSOAL LDA TEM. Inscrita no Registo Comercial de Sevilha, com CIF: B05295217. O sistema de tratamento da informa\u00e7\u00e3o criado est\u00e1 localizado na sede social, o qual fica estabelecido para efeitos do presente Aviso Legal, em BETOBE SPORT, UNIPESSOAL LDA TEM., Rua Ricardo Jorge, N\u00ba 2, B 1700-327 Lisboa, sob o supervisionamento e controle da BETOBE SPORT, UNIPESSOAL LDA TEM., que assume a responsabilidade da ado\u00e7\u00e3o de medidas de seguran\u00e7a de \u00edndole t\u00e9cnica e organizativa para proteger a confidencialidade e integridade da informa\u00e7\u00e3o, em conformidade com o estabelecido no Regulamento Europeu de Prote\u00e7\u00e3o de Dados UE 2016\/679 de 27 de abril do Parlamento e do Conselho e restantes normas nacionais vigentes LOPDGDD 3\/2018 e restante legisla\u00e7\u00e3o aplic\u00e1vel. A BETOBE SPORT, UNIPESSOAL LDA TEM., ao abrigo da Lei 34\/2002, de Servi\u00e7os da Sociedade da Informa\u00e7\u00e3o e do Com\u00e9rcio Eletr\u00f3nico, informa-lhes que o significado amplo da Lei em quest\u00e3o engloba entre estes servi\u00e7os o fornecimento de informa\u00e7\u00e3o por esse meio. Em qualquer caso, a este respeito ser\u00e1 aplic\u00e1vel o Regulamento Europeu de Prote\u00e7\u00e3o de Dados UE 2016\/679 de 27 de abril do Parlamento e do Conselho e restantes normas nacionais vigentes, al\u00e9m das suas normas de desenvolvimento, em especial, no que diz respeito \u00e0 obten\u00e7\u00e3o de dados pessoais, informa\u00e7\u00e3o aos interessados e cria\u00e7\u00e3o e manuten\u00e7\u00e3o de ficheiros de dados pessoais.<\/p>\n","protected":false},"excerpt":{"rendered":"<p>GERAL: Para os efeitos do previsto no Regulamento Europeu de Prote\u00e7\u00e3o de Dados UE 2016\/679 de 27 de abril do Parlamento e do Conselho e da legisla\u00e7\u00e3o nacional vigente LOPDGDD 3\/2018, a BETOBE SPORT, UNIPESSOAL LDA TEM., informa-lhe que cumpre na \u00edntegra a legisla\u00e7\u00e3o vigente em mat\u00e9ria de prote\u00e7\u00e3o de dados de car\u00e1cter pessoal e [&hellip;]<\/p>\n","protected":false},"author":1,"featured_media":0,"parent":0,"menu_order":0,"comment_status":"closed","ping_status":"closed","template":"","meta":{"_genesis_hide_title":false,"_genesis_hide_breadcrumbs":false,"_genesis_hide_singular_image":false,"_genesis_hide_footer_widgets":false,"_genesis_custom_body_class":"","_genesis_custom_post_class":"","_genesis_layout":"","footnotes":""},"class_list":{"0":"post-22","1":"page","2":"type-page","3":"status-publish","5":"entry"},"_links":{"self":[{"href":"https:\/\/betobesport.com\/pt\/wp-json\/wp\/v2\/pages\/22","targetHints":{"allow":["GET"]}}],"collection":[{"href":"https:\/\/betobesport.com\/pt\/wp-json\/wp\/v2\/pages"}],"about":[{"href":"https:\/\/betobesport.com\/pt\/wp-json\/wp\/v2\/types\/page"}],"author":[{"embeddable":true,"href":"https:\/\/betobesport.com\/pt\/wp-json\/wp\/v2\/users\/1"}],"replies":[{"embeddable":true,"href":"https:\/\/betobesport.com\/pt\/wp-json\/wp\/v2\/comments?post=22"}],"version-history":[{"count":3,"href":"https:\/\/betobesport.com\/pt\/wp-json\/wp\/v2\/pages\/22\/revisions"}],"predecessor-version":[{"id":1157,"href":"https:\/\/betobesport.com\/pt\/wp-json\/wp\/v2\/pages\/22\/revisions\/1157"}],"wp:attachment":[{"href":"https:\/\/betobesport.com\/pt\/wp-json\/wp\/v2\/media?parent=22"}],"curies":[{"name":"wp","href":"https:\/\/api.w.org\/{rel}","templated":true}]}}